{"id":783,"date":"2024-04-16T00:35:19","date_gmt":"2024-04-16T00:35:19","guid":{"rendered":"https:\/\/dtmonsterleads.com\/?page_id=783"},"modified":"2024-04-16T00:55:16","modified_gmt":"2024-04-16T00:55:16","slug":"aviso-legal","status":"publish","type":"page","link":"https:\/\/dtmonsterleads.com\/en\/aviso-legal\/","title":{"rendered":"Aviso Legal"},"content":{"rendered":"<div data-elementor-type=\"wp-page\" data-elementor-id=\"783\" class=\"elementor elementor-783\" data-elementor-post-type=\"page\">\n\t\t\t\t<div class=\"elementor-element elementor-element-1a6ff8c e-flex e-con-boxed e-con e-parent\" data-id=\"1a6ff8c\" data-element_type=\"container\" data-core-v316-plus=\"true\">\n\t\t\t\t\t<div class=\"e-con-inner\">\n\t\t\t\t<div class=\"elementor-element elementor-element-a56c1ad elementor-widget elementor-widget-heading\" data-id=\"a56c1ad\" data-element_type=\"widget\" data-widget_type=\"heading.default\">\n\t\t\t\t<div class=\"elementor-widget-container\">\n\t\t\t<style>\/*! elementor - v3.20.0 - 10-04-2024 *\/\n.elementor-heading-title{padding:0;margin:0;line-height:1}.elementor-widget-heading .elementor-heading-title[class*=elementor-size-]>a{color:inherit;font-size:inherit;line-height:inherit}.elementor-widget-heading .elementor-heading-title.elementor-size-small{font-size:15px}.elementor-widget-heading .elementor-heading-title.elementor-size-medium{font-size:19px}.elementor-widget-heading .elementor-heading-title.elementor-size-large{font-size:29px}.elementor-widget-heading .elementor-heading-title.elementor-size-xl{font-size:39px}.elementor-widget-heading .elementor-heading-title.elementor-size-xxl{font-size:59px}<\/style><h2 class=\"elementor-heading-title elementor-size-default\">Aviso Legal<\/h2>\t\t<\/div>\n\t\t\t\t<\/div>\n\t\t\t\t<div class=\"elementor-element elementor-element-9212593 elementor-widget elementor-widget-text-editor\" data-id=\"9212593\" data-element_type=\"widget\" data-widget_type=\"text-editor.default\">\n\t\t\t\t<div class=\"elementor-widget-container\">\n\t\t\t<style>\/*! elementor - v3.20.0 - 10-04-2024 *\/\n.elementor-widget-text-editor.elementor-drop-cap-view-stacked .elementor-drop-cap{background-color:#69727d;color:#fff}.elementor-widget-text-editor.elementor-drop-cap-view-framed .elementor-drop-cap{color:#69727d;border:3px solid;background-color:transparent}.elementor-widget-text-editor:not(.elementor-drop-cap-view-default) .elementor-drop-cap{margin-top:8px}.elementor-widget-text-editor:not(.elementor-drop-cap-view-default) .elementor-drop-cap-letter{width:1em;height:1em}.elementor-widget-text-editor .elementor-drop-cap{float:left;text-align:center;line-height:1;font-size:50px}.elementor-widget-text-editor .elementor-drop-cap-letter{display:inline-block}<\/style>\t\t\t\t<p>Bienvenido al sitio web de DT Monster Leads.<\/p><p><strong>1. Informaci\u00f3n de la Empresa:<\/strong><\/p><p>DT Monster Leads es una empresa propiedad de DT Marketing Digital, especializada en servicios de automatizaci\u00f3n de agendas, gesti\u00f3n de reuniones, prospectos comerciales, eficiencia empresarial y programaci\u00f3n autom\u00e1tica. Nuestra sede est\u00e1 ubicada en [direcci\u00f3n], y estamos registrados en [registro comercial, n\u00famero de identificaci\u00f3n fiscal u otra informaci\u00f3n relevante].<\/p><p><strong>2. Condiciones de Uso:<\/strong><\/p><p>Al acceder y utilizar nuestro sitio web, aceptas cumplir con estos t\u00e9rminos y condiciones de uso, junto con todas las leyes y regulaciones aplicables. Si no est\u00e1s de acuerdo con alguno de estos t\u00e9rminos, te pedimos que no utilices nuestro sitio.<\/p><p><strong>3. Propiedad Intelectual:<\/strong><\/p><p>Todos los derechos de propiedad intelectual relacionados con el contenido y los materiales de este sitio web son propiedad de DT Monster Leads o de sus licenciantes. Esto incluye, pero no se limita a, textos, gr\u00e1ficos, logotipos, im\u00e1genes y software. Est\u00e1 prohibido el uso no autorizado de cualquier material de este sitio web.<\/p><p><strong>4. Limitaci\u00f3n de Responsabilidad:<\/strong><\/p><p>El contenido de este sitio web se proporciona \u00abtal cual\u00bb y \u00abseg\u00fan disponibilidad\u00bb. No ofrecemos garant\u00edas de ning\u00fan tipo, expresas o impl\u00edcitas, respecto a la exactitud, fiabilidad o disponibilidad del contenido. En ning\u00fan caso seremos responsables por da\u00f1os directos, indirectos, incidentales, especiales o consecuentes que surjan del uso de este sitio web.<\/p><p><strong>5. Enlaces a Terceros:<\/strong><\/p><p>Nuestro sitio web puede contener enlaces a sitios web de terceros. Estos enlaces son proporcionados \u00fanicamente para tu conveniencia. No tenemos control sobre el contenido de estos sitios y no asumimos responsabilidad alguna por ellos.<\/p><p><strong>6. Modificaciones:<\/strong><\/p><p>Nos reservamos el derecho de modificar estos t\u00e9rminos y condiciones en cualquier momento. Dichas modificaciones entrar\u00e1n en vigor inmediatamente despu\u00e9s de su publicaci\u00f3n en este sitio web. Se recomienda revisar peri\u00f3dicamente estos t\u00e9rminos para estar al tanto de cualquier cambio.<\/p><p><strong>7. Ley Aplicable:<\/strong><\/p><p>Estos t\u00e9rminos y condiciones se rigen e interpretan de acuerdo con las leyes de [pa\u00eds]. Cualquier disputa relacionada con este sitio web estar\u00e1 sujeta a la jurisdicci\u00f3n exclusiva de los tribunales de [ciudad, pa\u00eds].<\/p><p>Si tienes alguna pregunta o comentario sobre estos t\u00e9rminos y condiciones, no dudes en ponerte en contacto con nosotros.<\/p><p>Gracias por visitar DT Monster Leads.<\/p>\t\t\t\t\t\t<\/div>\n\t\t\t\t<\/div>\n\t\t\t\t\t<\/div>\n\t\t\t\t<\/div>\n\t\t<div class=\"elementor-element elementor-element-83ba188 e-flex e-con-boxed e-con e-parent\" data-id=\"83ba188\" data-element_type=\"container\" data-settings=\"{&quot;background_background&quot;:&quot;classic&quot;,&quot;shape_divider_top&quot;:&quot;waves&quot;}\" data-core-v316-plus=\"true\">\n\t\t\t\t\t<div class=\"e-con-inner\">\n\t\t\t\t<div class=\"elementor-shape elementor-shape-top\" data-negative=\"false\">\n\t\t\t<svg xmlns=\"http:\/\/www.w3.org\/2000\/svg\" viewbox=\"0 0 1000 100\" preserveaspectratio=\"none\">\n\t<path class=\"elementor-shape-fill\" d=\"M421.9,6.5c22.6-2.5,51.5,0.4,75.5,5.3c23.6,4.9,70.9,23.5,100.5,35.7c75.8,32.2,133.7,44.5,192.6,49.7\tc23.6,2.1,48.7,3.5,103.4-2.5c54.7-6,106.2-25.6,106.2-25.6V0H0v30.3c0,0,72,32.6,158.4,30.5c39.2-0.7,92.8-6.7,134-22.4\tc21.2-8.1,52.2-18.2,79.7-24.2C399.3,7.9,411.6,7.5,421.9,6.5z\"\/>\n<\/svg>\t\t<\/div>\n\t\t\t\t<div class=\"elementor-element elementor-element-80d8071 elementor-widget elementor-widget-heading\" data-id=\"80d8071\" data-element_type=\"widget\" data-widget_type=\"heading.default\">\n\t\t\t\t<div class=\"elementor-widget-container\">\n\t\t\t<h2 class=\"elementor-heading-title elementor-size-default\">Generate leads from<br> quality from traffic<br>  the Web\n\n<\/h2>\t\t<\/div>\n\t\t\t\t<\/div>\n\t\t\t\t<div class=\"elementor-element elementor-element-fd445df elementor-widget elementor-widget-text-editor\" data-id=\"fd445df\" data-element_type=\"widget\" data-widget_type=\"text-editor.default\">\n\t\t\t\t<div class=\"elementor-widget-container\">\n\t\t\t\t\t\t\tIt doesn't matter your industry, niche or market. We help you reach your ideal client so that you increase your sales and stay one step ahead of your competition.\t\t\t\t\t\t<\/div>\n\t\t\t\t<\/div>\n\t\t\t\t<div class=\"elementor-element elementor-element-54f2718 elementor-align-center elementor-widget elementor-widget-button\" data-id=\"54f2718\" data-element_type=\"widget\" data-widget_type=\"button.default\">\n\t\t\t\t<div class=\"elementor-widget-container\">\n\t\t\t\t\t<div class=\"elementor-button-wrapper\">\n\t\t\t<a class=\"elementor-button elementor-button-link elementor-size-sm\" href=\"#elementor-action:action=popup:open&settings=eyJpZCI6IjU3OCIsInRvZ2dsZSI6ZmFsc2V9\">\n\t\t\t\t\t\t<span class=\"elementor-button-content-wrapper\">\n\t\t\t\t\t\t<span class=\"elementor-button-icon elementor-align-icon-right\">\n\t\t\t\t<i aria-hidden=\"true\" class=\"fas fa-arrow-alt-circle-right\"><\/i>\t\t\t<\/span>\n\t\t\t\t\t\t<span class=\"elementor-button-text\">Register Now<\/span>\n\t\t<\/span>\n\t\t\t\t\t<\/a>\n\t\t<\/div>\n\t\t\t\t<\/div>\n\t\t\t\t<\/div>\n\t\t\t\t\t<\/div>\n\t\t\t\t<\/div>\n\t\t<div class=\"elementor-element elementor-element-2289beb e-flex e-con-boxed e-con e-parent\" data-id=\"2289beb\" data-element_type=\"container\" data-settings=\"{&quot;background_background&quot;:&quot;classic&quot;}\" data-core-v316-plus=\"true\">\n\t\t\t\t\t<div class=\"e-con-inner\">\n\t\t<div class=\"elementor-element elementor-element-9683a98 e-con-full e-flex e-con e-child\" data-id=\"9683a98\" data-element_type=\"container\">\n\t\t\t\t<div class=\"elementor-element elementor-element-43f845e elementor-widget elementor-widget-image\" data-id=\"43f845e\" data-element_type=\"widget\" data-widget_type=\"image.default\">\n\t\t\t\t<div class=\"elementor-widget-container\">\n\t\t\t<style>\/*! elementor - v3.20.0 - 10-04-2024 *\/\n.elementor-widget-image{text-align:center}.elementor-widget-image a{display:inline-block}.elementor-widget-image a img[src$=\".svg\"]{width:48px}.elementor-widget-image img{vertical-align:middle;display:inline-block}<\/style>\t\t\t\t\t\t\t\t\t\t<img decoding=\"async\" width=\"248\" height=\"61\" src=\"https:\/\/dtmonsterleads.com\/wp-content\/uploads\/2023\/11\/LogoW-1.png\" class=\"attachment-large size-large wp-image-257\" alt=\"logo blanco\" \/>\t\t\t\t\t\t\t\t\t\t\t\t\t<\/div>\n\t\t\t\t<\/div>\n\t\t\t\t<\/div>\n\t\t\t\t\t<\/div>\n\t\t\t\t<\/div>\n\t\t\t\t<\/div>","protected":false},"excerpt":{"rendered":"<p>AGENDA REUNIONES CON POTENCIALES CLIENTES EN PILOTO AUTOMAT\u00cdCO Pru\u00e9balo ahora y llega a miles de clientes cada mes Prueba Gratuita<\/p>","protected":false},"author":1,"featured_media":0,"parent":0,"menu_order":0,"comment_status":"closed","ping_status":"closed","template":"","meta":{"_joinchat":[],"footnotes":""},"class_list":["post-783","page","type-page","status-publish","hentry"],"yoast_head":"<!-- This site is optimized with the Yoast SEO plugin v22.4 - https:\/\/yoast.com\/wordpress\/plugins\/seo\/ -->\n<title>DT Monster Leads - Automatizaci\u00f3n de agendas<\/title>\n<meta name=\"description\" content=\"Optimiza tu tiempo al m\u00e1ximo: Dt Monster Leads automatiza la agenda de reuniones con potenciales clientes, \u00a1tu piloto autom\u00e1tico para el \u00e9xito empresarial!\" \/>\n<meta name=\"robots\" content=\"index, follow, max-snippet:-1, max-image-preview:large, max-video-preview:-1\" \/>\n<link rel=\"canonical\" href=\"https:\/\/dtmonsterleads.com\/en\/aviso-legal\/\" \/>\n<meta property=\"og:locale\" content=\"en_US\" \/>\n<meta property=\"og:type\" content=\"article\" \/>\n<meta property=\"og:title\" content=\"DT Monster Leads - Automatizaci\u00f3n de agendas\" \/>\n<meta property=\"og:description\" content=\"Optimiza tu tiempo al m\u00e1ximo: Dt Monster Leads automatiza la agenda de reuniones con potenciales clientes, \u00a1tu piloto autom\u00e1tico para el \u00e9xito empresarial!\" \/>\n<meta property=\"og:url\" content=\"https:\/\/dtmonsterleads.com\/en\/aviso-legal\/\" \/>\n<meta property=\"og:site_name\" content=\"DT MONSTER LEADS\" \/>\n<meta property=\"article:modified_time\" content=\"2024-04-16T00:55:16+00:00\" \/>\n<meta property=\"og:image\" content=\"https:\/\/dtmonsterleads.com\/wp-content\/uploads\/2023\/11\/LogoW-1.png\" \/>\n<meta name=\"twitter:card\" content=\"summary_large_image\" \/>\n<meta name=\"twitter:label1\" content=\"Est. reading time\" \/>\n\t<meta name=\"twitter:data1\" content=\"3 minutes\" \/>\n<script type=\"application\/ld+json\" class=\"yoast-schema-graph\">{\"@context\":\"https:\/\/schema.org\",\"@graph\":[{\"@type\":\"WebPage\",\"@id\":\"https:\/\/dtmonsterleads.com\/aviso-legal\/\",\"url\":\"https:\/\/dtmonsterleads.com\/aviso-legal\/\",\"name\":\"DT Monster Leads - Automatizaci\u00f3n de agendas\",\"isPartOf\":{\"@id\":\"https:\/\/dtmonsterleads.com\/#website\"},\"primaryImageOfPage\":{\"@id\":\"https:\/\/dtmonsterleads.com\/aviso-legal\/#primaryimage\"},\"image\":{\"@id\":\"https:\/\/dtmonsterleads.com\/aviso-legal\/#primaryimage\"},\"thumbnailUrl\":\"https:\/\/dtmonsterleads.com\/wp-content\/uploads\/2023\/11\/LogoW-1.png\",\"datePublished\":\"2024-04-16T00:35:19+00:00\",\"dateModified\":\"2024-04-16T00:55:16+00:00\",\"description\":\"Optimiza tu tiempo al m\u00e1ximo: Dt Monster Leads automatiza la agenda de reuniones con potenciales clientes, \u00a1tu piloto autom\u00e1tico para el \u00e9xito empresarial!\",\"breadcrumb\":{\"@id\":\"https:\/\/dtmonsterleads.com\/aviso-legal\/#breadcrumb\"},\"inLanguage\":\"en-US\",\"potentialAction\":[{\"@type\":\"ReadAction\",\"target\":[\"https:\/\/dtmonsterleads.com\/aviso-legal\/\"]}]},{\"@type\":\"ImageObject\",\"inLanguage\":\"en-US\",\"@id\":\"https:\/\/dtmonsterleads.com\/aviso-legal\/#primaryimage\",\"url\":\"https:\/\/dtmonsterleads.com\/wp-content\/uploads\/2023\/11\/LogoW-1.png\",\"contentUrl\":\"https:\/\/dtmonsterleads.com\/wp-content\/uploads\/2023\/11\/LogoW-1.png\"},{\"@type\":\"BreadcrumbList\",\"@id\":\"https:\/\/dtmonsterleads.com\/aviso-legal\/#breadcrumb\",\"itemListElement\":[{\"@type\":\"ListItem\",\"position\":1,\"name\":\"Portada\",\"item\":\"https:\/\/dtmonsterleads.com\/\"},{\"@type\":\"ListItem\",\"position\":2,\"name\":\"Aviso Legal\"}]},{\"@type\":\"WebSite\",\"@id\":\"https:\/\/dtmonsterleads.com\/#website\",\"url\":\"https:\/\/dtmonsterleads.com\/\",\"name\":\"DT MONSTER LEADS\",\"description\":\"Mejore la productividad, optimice los flujos de trabajo y tome decisiones basadas en datos con una precisi\u00f3n sin precedentes.\",\"publisher\":{\"@id\":\"https:\/\/dtmonsterleads.com\/#organization\"},\"potentialAction\":[{\"@type\":\"SearchAction\",\"target\":{\"@type\":\"EntryPoint\",\"urlTemplate\":\"https:\/\/dtmonsterleads.com\/?s={search_term_string}\"},\"query-input\":\"required name=search_term_string\"}],\"inLanguage\":\"en-US\"},{\"@type\":\"Organization\",\"@id\":\"https:\/\/dtmonsterleads.com\/#organization\",\"name\":\"DT Monster Leads\",\"url\":\"https:\/\/dtmonsterleads.com\/\",\"logo\":{\"@type\":\"ImageObject\",\"inLanguage\":\"en-US\",\"@id\":\"https:\/\/dtmonsterleads.com\/#\/schema\/logo\/image\/\",\"url\":\"https:\/\/dtmonsterleads.com\/wp-content\/uploads\/2023\/09\/Logo.png\",\"contentUrl\":\"https:\/\/dtmonsterleads.com\/wp-content\/uploads\/2023\/09\/Logo.png\",\"width\":290,\"height\":71,\"caption\":\"DT Monster Leads\"},\"image\":{\"@id\":\"https:\/\/dtmonsterleads.com\/#\/schema\/logo\/image\/\"}}]}<\/script>\n<!-- \/ Yoast SEO plugin. -->","yoast_head_json":{"title":"DT Monster Leads - Automatizaci\u00f3n de agendas","description":"Optimiza tu tiempo al m\u00e1ximo: Dt Monster Leads automatiza la agenda de reuniones con potenciales clientes, \u00a1tu piloto autom\u00e1tico para el \u00e9xito empresarial!","robots":{"index":"index","follow":"follow","max-snippet":"max-snippet:-1","max-image-preview":"max-image-preview:large","max-video-preview":"max-video-preview:-1"},"canonical":"https:\/\/dtmonsterleads.com\/en\/aviso-legal\/","og_locale":"en_US","og_type":"article","og_title":"DT Monster Leads - Automatizaci\u00f3n de agendas","og_description":"Optimiza tu tiempo al m\u00e1ximo: Dt Monster Leads automatiza la agenda de reuniones con potenciales clientes, \u00a1tu piloto autom\u00e1tico para el \u00e9xito empresarial!","og_url":"https:\/\/dtmonsterleads.com\/en\/aviso-legal\/","og_site_name":"DT MONSTER LEADS","article_modified_time":"2024-04-16T00:55:16+00:00","og_image":[{"url":"https:\/\/dtmonsterleads.com\/wp-content\/uploads\/2023\/11\/LogoW-1.png"}],"twitter_card":"summary_large_image","twitter_misc":{"Est. reading time":"3 minutes"},"schema":{"@context":"https:\/\/schema.org","@graph":[{"@type":"WebPage","@id":"https:\/\/dtmonsterleads.com\/aviso-legal\/","url":"https:\/\/dtmonsterleads.com\/aviso-legal\/","name":"DT Monster Leads - Automatizaci\u00f3n de agendas","isPartOf":{"@id":"https:\/\/dtmonsterleads.com\/#website"},"primaryImageOfPage":{"@id":"https:\/\/dtmonsterleads.com\/aviso-legal\/#primaryimage"},"image":{"@id":"https:\/\/dtmonsterleads.com\/aviso-legal\/#primaryimage"},"thumbnailUrl":"https:\/\/dtmonsterleads.com\/wp-content\/uploads\/2023\/11\/LogoW-1.png","datePublished":"2024-04-16T00:35:19+00:00","dateModified":"2024-04-16T00:55:16+00:00","description":"Optimiza tu tiempo al m\u00e1ximo: Dt Monster Leads automatiza la agenda de reuniones con potenciales clientes, \u00a1tu piloto autom\u00e1tico para el \u00e9xito empresarial!","breadcrumb":{"@id":"https:\/\/dtmonsterleads.com\/aviso-legal\/#breadcrumb"},"inLanguage":"en-US","potentialAction":[{"@type":"ReadAction","target":["https:\/\/dtmonsterleads.com\/aviso-legal\/"]}]},{"@type":"ImageObject","inLanguage":"en-US","@id":"https:\/\/dtmonsterleads.com\/aviso-legal\/#primaryimage","url":"https:\/\/dtmonsterleads.com\/wp-content\/uploads\/2023\/11\/LogoW-1.png","contentUrl":"https:\/\/dtmonsterleads.com\/wp-content\/uploads\/2023\/11\/LogoW-1.png"},{"@type":"BreadcrumbList","@id":"https:\/\/dtmonsterleads.com\/aviso-legal\/#breadcrumb","itemListElement":[{"@type":"ListItem","position":1,"name":"Portada","item":"https:\/\/dtmonsterleads.com\/"},{"@type":"ListItem","position":2,"name":"Aviso Legal"}]},{"@type":"WebSite","@id":"https:\/\/dtmonsterleads.com\/#website","url":"https:\/\/dtmonsterleads.com\/","name":"DT MONSTER LEADS","description":"Mejore la productividad, optimice los flujos de trabajo y tome decisiones basadas en datos con una precisi\u00f3n sin precedentes.","publisher":{"@id":"https:\/\/dtmonsterleads.com\/#organization"},"potentialAction":[{"@type":"SearchAction","target":{"@type":"EntryPoint","urlTemplate":"https:\/\/dtmonsterleads.com\/?s={search_term_string}"},"query-input":"required name=search_term_string"}],"inLanguage":"en-US"},{"@type":"Organization","@id":"https:\/\/dtmonsterleads.com\/#organization","name":"DT Monster Leads","url":"https:\/\/dtmonsterleads.com\/","logo":{"@type":"ImageObject","inLanguage":"en-US","@id":"https:\/\/dtmonsterleads.com\/#\/schema\/logo\/image\/","url":"https:\/\/dtmonsterleads.com\/wp-content\/uploads\/2023\/09\/Logo.png","contentUrl":"https:\/\/dtmonsterleads.com\/wp-content\/uploads\/2023\/09\/Logo.png","width":290,"height":71,"caption":"DT Monster Leads"},"image":{"@id":"https:\/\/dtmonsterleads.com\/#\/schema\/logo\/image\/"}}]}},"_links":{"self":[{"href":"https:\/\/dtmonsterleads.com\/en\/wp-json\/wp\/v2\/pages\/783","targetHints":{"allow":["GET"]}}],"collection":[{"href":"https:\/\/dtmonsterleads.com\/en\/wp-json\/wp\/v2\/pages"}],"about":[{"href":"https:\/\/dtmonsterleads.com\/en\/wp-json\/wp\/v2\/types\/page"}],"author":[{"embeddable":true,"href":"https:\/\/dtmonsterleads.com\/en\/wp-json\/wp\/v2\/users\/1"}],"replies":[{"embeddable":true,"href":"https:\/\/dtmonsterleads.com\/en\/wp-json\/wp\/v2\/comments?post=783"}],"version-history":[{"count":13,"href":"https:\/\/dtmonsterleads.com\/en\/wp-json\/wp\/v2\/pages\/783\/revisions"}],"predecessor-version":[{"id":803,"href":"https:\/\/dtmonsterleads.com\/en\/wp-json\/wp\/v2\/pages\/783\/revisions\/803"}],"wp:attachment":[{"href":"https:\/\/dtmonsterleads.com\/en\/wp-json\/wp\/v2\/media?parent=783"}],"curies":[{"name":"wp","href":"https:\/\/api.w.org\/{rel}","templated":true}]}}