{"id":622,"date":"2024-02-22T20:58:06","date_gmt":"2024-02-22T20:58:06","guid":{"rendered":"https:\/\/dtmonsterleads.com\/?page_id=622"},"modified":"2024-02-22T21:09:33","modified_gmt":"2024-02-22T21:09:33","slug":"nuestro-blog","status":"publish","type":"page","link":"https:\/\/dtmonsterleads.com\/en\/nuestro-blog\/","title":{"rendered":"Nuestro Blog"},"content":{"rendered":"<div data-elementor-type=\"wp-page\" data-elementor-id=\"622\" class=\"elementor elementor-622\" data-elementor-post-type=\"page\">\n\t\t\t\t<div class=\"elementor-element elementor-element-05453a2 e-con-full e-flex e-con e-parent\" data-id=\"05453a2\" data-element_type=\"container\" data-settings=\"{&quot;background_background&quot;:&quot;classic&quot;}\" data-e-bg-lazyload=\"\" data-core-v316-plus=\"true\">\n\t\t<div class=\"elementor-element elementor-element-a095f71 e-flex e-con-boxed e-con e-child\" data-id=\"a095f71\" data-element_type=\"container\">\n\t\t\t\t\t<div class=\"e-con-inner\">\n\t\t\t\t<div class=\"elementor-element elementor-element-614bcc7 elementor-widget elementor-widget-heading\" data-id=\"614bcc7\" data-element_type=\"widget\" data-widget_type=\"heading.default\">\n\t\t\t\t<div class=\"elementor-widget-container\">\n\t\t\t<style>\/*! elementor - v3.20.0 - 10-04-2024 *\/\n.elementor-heading-title{padding:0;margin:0;line-height:1}.elementor-widget-heading .elementor-heading-title[class*=elementor-size-]>a{color:inherit;font-size:inherit;line-height:inherit}.elementor-widget-heading .elementor-heading-title.elementor-size-small{font-size:15px}.elementor-widget-heading .elementor-heading-title.elementor-size-medium{font-size:19px}.elementor-widget-heading .elementor-heading-title.elementor-size-large{font-size:29px}.elementor-widget-heading .elementor-heading-title.elementor-size-xl{font-size:39px}.elementor-widget-heading .elementor-heading-title.elementor-size-xxl{font-size:59px}<\/style><h2 class=\"elementor-heading-title elementor-size-default\">Nuestro Blog<\/h2>\t\t<\/div>\n\t\t\t\t<\/div>\n\t\t\t\t<div class=\"elementor-element elementor-element-c1116e1 elementor-widget elementor-widget-text-editor\" data-id=\"c1116e1\" data-element_type=\"widget\" data-widget_type=\"text-editor.default\">\n\t\t\t\t<div class=\"elementor-widget-container\">\n\t\t\t<style>\/*! elementor - v3.20.0 - 10-04-2024 *\/\n.elementor-widget-text-editor.elementor-drop-cap-view-stacked .elementor-drop-cap{background-color:#69727d;color:#fff}.elementor-widget-text-editor.elementor-drop-cap-view-framed .elementor-drop-cap{color:#69727d;border:3px solid;background-color:transparent}.elementor-widget-text-editor:not(.elementor-drop-cap-view-default) .elementor-drop-cap{margin-top:8px}.elementor-widget-text-editor:not(.elementor-drop-cap-view-default) .elementor-drop-cap-letter{width:1em;height:1em}.elementor-widget-text-editor .elementor-drop-cap{float:left;text-align:center;line-height:1;font-size:50px}.elementor-widget-text-editor .elementor-drop-cap-letter{display:inline-block}<\/style>\t\t\t\t<p>Centralizamos todas las herramientas que tu empresa necesita<br \/>para gestionar y conseguir m\u00e1s clientes.<\/p>\t\t\t\t\t\t<\/div>\n\t\t\t\t<\/div>\n\t\t\t\t\t<\/div>\n\t\t\t\t<\/div>\n\t\t\t\t<\/div>\n\t\t<div class=\"elementor-element elementor-element-bb17f0d e-flex e-con-boxed e-con e-parent\" data-id=\"bb17f0d\" data-element_type=\"container\" data-core-v316-plus=\"true\">\n\t\t\t\t\t<div class=\"e-con-inner\">\n\t\t\t\t<div class=\"elementor-element elementor-element-4767968 elementor-grid-3 elementor-grid-tablet-2 elementor-grid-mobile-1 elementor-posts--thumbnail-top elementor-widget elementor-widget-posts\" data-id=\"4767968\" data-element_type=\"widget\" data-settings=\"{&quot;classic_columns&quot;:&quot;3&quot;,&quot;classic_columns_tablet&quot;:&quot;2&quot;,&quot;classic_columns_mobile&quot;:&quot;1&quot;,&quot;classic_row_gap&quot;:{&quot;unit&quot;:&quot;px&quot;,&quot;size&quot;:35,&quot;sizes&quot;:[]},&quot;classic_row_gap_tablet&quot;:{&quot;unit&quot;:&quot;px&quot;,&quot;size&quot;:&quot;&quot;,&quot;sizes&quot;:[]},&quot;classic_row_gap_mobile&quot;:{&quot;unit&quot;:&quot;px&quot;,&quot;size&quot;:&quot;&quot;,&quot;sizes&quot;:[]}}\" data-widget_type=\"posts.classic\">\n\t\t\t\t<div class=\"elementor-widget-container\">\n\t\t\t<link rel=\"stylesheet\" href=\"https:\/\/dtmonsterleads.com\/wp-content\/plugins\/pro-elements\/assets\/css\/widget-posts.min.css\">\t\t<div class=\"elementor-posts-container elementor-posts elementor-posts--skin-classic elementor-grid\">\n\t\t\t\t<article class=\"elementor-post elementor-grid-item post-630 post type-post status-publish format-standard has-post-thumbnail hentry category-uncategorized\">\n\t\t\t\t<a class=\"elementor-post__thumbnail__link\" href=\"https:\/\/dtmonsterleads.com\/en\/2024\/02\/22\/hello-world-3\/\" tabindex=\"-1\" >\n\t\t\t<div class=\"elementor-post__thumbnail\"><img decoding=\"async\" width=\"300\" height=\"164\" src=\"https:\/\/dtmonsterleads.com\/wp-content\/uploads\/2023\/12\/10-300x164.png\" class=\"attachment-medium size-medium wp-image-433\" alt=\"creacion campa\u00f1a\" srcset=\"https:\/\/dtmonsterleads.com\/wp-content\/uploads\/2023\/12\/10-300x164.png 300w, https:\/\/dtmonsterleads.com\/wp-content\/uploads\/2023\/12\/10-1024x558.png 1024w, https:\/\/dtmonsterleads.com\/wp-content\/uploads\/2023\/12\/10-768x419.png 768w, https:\/\/dtmonsterleads.com\/wp-content\/uploads\/2023\/12\/10-1536x837.png 1536w, https:\/\/dtmonsterleads.com\/wp-content\/uploads\/2023\/12\/10-600x327.png 600w, https:\/\/dtmonsterleads.com\/wp-content\/uploads\/2023\/12\/10.png 1600w\" sizes=\"(max-width: 300px) 100vw, 300px\" \/><\/div>\n\t\t<\/a>\n\t\t\t\t<div class=\"elementor-post__text\">\n\t\t\t\t<h3 class=\"elementor-post__title\">\n\t\t\t<a href=\"https:\/\/dtmonsterleads.com\/en\/2024\/02\/22\/hello-world-3\/\" >\n\t\t\t\tPost 3!\t\t\t<\/a>\n\t\t<\/h3>\n\t\t\t\t<div class=\"elementor-post__meta-data\">\n\t\t\t\t\t<span class=\"elementor-post-date\">\n\t\t\tFebruary 22, 2024\t\t<\/span>\n\t\t\t\t<span class=\"elementor-post-avatar\">\n\t\t\tNo Comments\t\t<\/span>\n\t\t\t\t<\/div>\n\t\t\t\t<div class=\"elementor-post__excerpt\">\n\t\t\t<p>Welcome to WordPress. This is your first post. Edit or delete it, then start writing!<\/p>\n\t\t<\/div>\n\t\t\n\t\t<a class=\"elementor-post__read-more\" href=\"https:\/\/dtmonsterleads.com\/en\/2024\/02\/22\/hello-world-3\/\" aria-label=\"Read more about Post 3!\" tabindex=\"-1\" >\n\t\t\tLeer mas \u00bb\t\t<\/a>\n\n\t\t\t\t<\/div>\n\t\t\t\t<\/article>\n\t\t\t\t<article class=\"elementor-post elementor-grid-item post-628 post type-post status-publish format-standard has-post-thumbnail hentry category-uncategorized\">\n\t\t\t\t<a class=\"elementor-post__thumbnail__link\" href=\"https:\/\/dtmonsterleads.com\/en\/2024\/02\/22\/hello-world-2\/\" tabindex=\"-1\" >\n\t\t\t<div class=\"elementor-post__thumbnail\"><img decoding=\"async\" width=\"300\" height=\"164\" src=\"https:\/\/dtmonsterleads.com\/wp-content\/uploads\/2023\/12\/10-300x164.png\" class=\"attachment-medium size-medium wp-image-433\" alt=\"creacion campa\u00f1a\" srcset=\"https:\/\/dtmonsterleads.com\/wp-content\/uploads\/2023\/12\/10-300x164.png 300w, https:\/\/dtmonsterleads.com\/wp-content\/uploads\/2023\/12\/10-1024x558.png 1024w, https:\/\/dtmonsterleads.com\/wp-content\/uploads\/2023\/12\/10-768x419.png 768w, https:\/\/dtmonsterleads.com\/wp-content\/uploads\/2023\/12\/10-1536x837.png 1536w, https:\/\/dtmonsterleads.com\/wp-content\/uploads\/2023\/12\/10-600x327.png 600w, https:\/\/dtmonsterleads.com\/wp-content\/uploads\/2023\/12\/10.png 1600w\" sizes=\"(max-width: 300px) 100vw, 300px\" \/><\/div>\n\t\t<\/a>\n\t\t\t\t<div class=\"elementor-post__text\">\n\t\t\t\t<h3 class=\"elementor-post__title\">\n\t\t\t<a href=\"https:\/\/dtmonsterleads.com\/en\/2024\/02\/22\/hello-world-2\/\" >\n\t\t\t\tPost 2!\t\t\t<\/a>\n\t\t<\/h3>\n\t\t\t\t<div class=\"elementor-post__meta-data\">\n\t\t\t\t\t<span class=\"elementor-post-date\">\n\t\t\tFebruary 22, 2024\t\t<\/span>\n\t\t\t\t<span class=\"elementor-post-avatar\">\n\t\t\tNo Comments\t\t<\/span>\n\t\t\t\t<\/div>\n\t\t\t\t<div class=\"elementor-post__excerpt\">\n\t\t\t<p>Welcome to WordPress. This is your first post. Edit or delete it, then start writing!<\/p>\n\t\t<\/div>\n\t\t\n\t\t<a class=\"elementor-post__read-more\" href=\"https:\/\/dtmonsterleads.com\/en\/2024\/02\/22\/hello-world-2\/\" aria-label=\"Read more about Post 2!\" tabindex=\"-1\" >\n\t\t\tLeer mas \u00bb\t\t<\/a>\n\n\t\t\t\t<\/div>\n\t\t\t\t<\/article>\n\t\t\t\t<article class=\"elementor-post elementor-grid-item post-1 post type-post status-publish format-standard has-post-thumbnail hentry category-uncategorized\">\n\t\t\t\t<a class=\"elementor-post__thumbnail__link\" href=\"https:\/\/dtmonsterleads.com\/en\/2023\/09\/28\/hello-world\/\" tabindex=\"-1\" >\n\t\t\t<div class=\"elementor-post__thumbnail\"><img decoding=\"async\" width=\"300\" height=\"164\" src=\"https:\/\/dtmonsterleads.com\/wp-content\/uploads\/2023\/12\/10-300x164.png\" class=\"attachment-medium size-medium wp-image-433\" alt=\"creacion campa\u00f1a\" srcset=\"https:\/\/dtmonsterleads.com\/wp-content\/uploads\/2023\/12\/10-300x164.png 300w, https:\/\/dtmonsterleads.com\/wp-content\/uploads\/2023\/12\/10-1024x558.png 1024w, https:\/\/dtmonsterleads.com\/wp-content\/uploads\/2023\/12\/10-768x419.png 768w, https:\/\/dtmonsterleads.com\/wp-content\/uploads\/2023\/12\/10-1536x837.png 1536w, https:\/\/dtmonsterleads.com\/wp-content\/uploads\/2023\/12\/10-600x327.png 600w, https:\/\/dtmonsterleads.com\/wp-content\/uploads\/2023\/12\/10.png 1600w\" sizes=\"(max-width: 300px) 100vw, 300px\" \/><\/div>\n\t\t<\/a>\n\t\t\t\t<div class=\"elementor-post__text\">\n\t\t\t\t<h3 class=\"elementor-post__title\">\n\t\t\t<a href=\"https:\/\/dtmonsterleads.com\/en\/2023\/09\/28\/hello-world\/\" >\n\t\t\t\tPost 1!\t\t\t<\/a>\n\t\t<\/h3>\n\t\t\t\t<div class=\"elementor-post__meta-data\">\n\t\t\t\t\t<span class=\"elementor-post-date\">\n\t\t\tSeptember 28, 2023\t\t<\/span>\n\t\t\t\t<span class=\"elementor-post-avatar\">\n\t\t\tNo Comments\t\t<\/span>\n\t\t\t\t<\/div>\n\t\t\t\t<div class=\"elementor-post__excerpt\">\n\t\t\t<p>Welcome to WordPress. This is your first post. Edit or delete it, then start writing!<\/p>\n\t\t<\/div>\n\t\t\n\t\t<a class=\"elementor-post__read-more\" href=\"https:\/\/dtmonsterleads.com\/en\/2023\/09\/28\/hello-world\/\" aria-label=\"Read more about Post 1!\" tabindex=\"-1\" >\n\t\t\tLeer mas \u00bb\t\t<\/a>\n\n\t\t\t\t<\/div>\n\t\t\t\t<\/article>\n\t\t\t\t<\/div>\n\t\t\n\t\t\t\t<\/div>\n\t\t\t\t<\/div>\n\t\t\t\t\t<\/div>\n\t\t\t\t<\/div>\n\t\t<div class=\"elementor-element elementor-element-d5c9990 e-flex e-con-boxed e-con e-parent\" data-id=\"d5c9990\" data-element_type=\"container\" data-settings=\"{&quot;background_background&quot;:&quot;classic&quot;,&quot;shape_divider_top&quot;:&quot;waves&quot;}\" data-core-v316-plus=\"true\">\n\t\t\t\t\t<div class=\"e-con-inner\">\n\t\t\t\t<div class=\"elementor-shape elementor-shape-top\" data-negative=\"false\">\n\t\t\t<svg xmlns=\"http:\/\/www.w3.org\/2000\/svg\" viewbox=\"0 0 1000 100\" preserveaspectratio=\"none\">\n\t<path class=\"elementor-shape-fill\" d=\"M421.9,6.5c22.6-2.5,51.5,0.4,75.5,5.3c23.6,4.9,70.9,23.5,100.5,35.7c75.8,32.2,133.7,44.5,192.6,49.7\tc23.6,2.1,48.7,3.5,103.4-2.5c54.7-6,106.2-25.6,106.2-25.6V0H0v30.3c0,0,72,32.6,158.4,30.5c39.2-0.7,92.8-6.7,134-22.4\tc21.2-8.1,52.2-18.2,79.7-24.2C399.3,7.9,411.6,7.5,421.9,6.5z\"\/>\n<\/svg>\t\t<\/div>\n\t\t\t\t<div class=\"elementor-element elementor-element-f3fd902 elementor-widget elementor-widget-heading\" data-id=\"f3fd902\" data-element_type=\"widget\" data-widget_type=\"heading.default\">\n\t\t\t\t<div class=\"elementor-widget-container\">\n\t\t\t<h2 class=\"elementor-heading-title elementor-size-default\">Generate leads from<br> quality from traffic<br>  the Web\n\n<\/h2>\t\t<\/div>\n\t\t\t\t<\/div>\n\t\t\t\t<div class=\"elementor-element elementor-element-fe11b7b elementor-widget elementor-widget-text-editor\" data-id=\"fe11b7b\" data-element_type=\"widget\" data-widget_type=\"text-editor.default\">\n\t\t\t\t<div class=\"elementor-widget-container\">\n\t\t\t\t\t\t\tIt doesn't matter your industry, niche or market. We help you reach your ideal client so that you increase your sales and stay one step ahead of your competition.\t\t\t\t\t\t<\/div>\n\t\t\t\t<\/div>\n\t\t\t\t<div class=\"elementor-element elementor-element-f3a9ebf elementor-align-center elementor-widget elementor-widget-button\" data-id=\"f3a9ebf\" data-element_type=\"widget\" data-widget_type=\"button.default\">\n\t\t\t\t<div class=\"elementor-widget-container\">\n\t\t\t\t\t<div class=\"elementor-button-wrapper\">\n\t\t\t<a class=\"elementor-button elementor-button-link elementor-size-sm\" href=\"#elementor-action:action=popup:open&settings=eyJpZCI6IjU3OCIsInRvZ2dsZSI6ZmFsc2V9\">\n\t\t\t\t\t\t<span class=\"elementor-button-content-wrapper\">\n\t\t\t\t\t\t<span class=\"elementor-button-icon elementor-align-icon-right\">\n\t\t\t\t<i aria-hidden=\"true\" class=\"fas fa-arrow-alt-circle-right\"><\/i>\t\t\t<\/span>\n\t\t\t\t\t\t<span class=\"elementor-button-text\">Register Now<\/span>\n\t\t<\/span>\n\t\t\t\t\t<\/a>\n\t\t<\/div>\n\t\t\t\t<\/div>\n\t\t\t\t<\/div>\n\t\t\t\t\t<\/div>\n\t\t\t\t<\/div>\n\t\t<div class=\"elementor-element elementor-element-ee3c4ab e-flex e-con-boxed e-con e-parent\" data-id=\"ee3c4ab\" data-element_type=\"container\" data-settings=\"{&quot;background_background&quot;:&quot;classic&quot;}\" data-core-v316-plus=\"true\">\n\t\t\t\t\t<div class=\"e-con-inner\">\n\t\t<div class=\"elementor-element elementor-element-24d7142 e-con-full e-flex e-con e-child\" data-id=\"24d7142\" data-element_type=\"container\">\n\t\t\t\t<div class=\"elementor-element elementor-element-b9992ae elementor-widget elementor-widget-image\" data-id=\"b9992ae\" data-element_type=\"widget\" data-widget_type=\"image.default\">\n\t\t\t\t<div class=\"elementor-widget-container\">\n\t\t\t<style>\/*! elementor - v3.20.0 - 10-04-2024 *\/\n.elementor-widget-image{text-align:center}.elementor-widget-image a{display:inline-block}.elementor-widget-image a img[src$=\".svg\"]{width:48px}.elementor-widget-image img{vertical-align:middle;display:inline-block}<\/style>\t\t\t\t\t\t\t\t\t\t<img decoding=\"async\" width=\"248\" height=\"61\" src=\"https:\/\/dtmonsterleads.com\/wp-content\/uploads\/2023\/11\/LogoW-1.png\" class=\"attachment-large size-large wp-image-257\" alt=\"logo blanco\" \/>\t\t\t\t\t\t\t\t\t\t\t\t\t<\/div>\n\t\t\t\t<\/div>\n\t\t\t\t<\/div>\n\t\t\t\t\t<\/div>\n\t\t\t\t<\/div>\n\t\t\t\t<\/div>","protected":false},"excerpt":{"rendered":"<p>Nuestro Blog Centralizamos todas las herramientas que tu empresa necesitapara gestionar y conseguir m\u00e1s clientes. Genere clientes potenciales de calidad desde el tr\u00e1fico de la web No importa t\u00fa industria, nicho o mercado. Nosotros te ayudamos a llegar a tu cliente ideal para que aumentes tus ventas y vayas un paso por delante de tu [&hellip;]<\/p>","protected":false},"author":1,"featured_media":0,"parent":0,"menu_order":0,"comment_status":"closed","ping_status":"closed","template":"","meta":{"_joinchat":[],"footnotes":""},"class_list":["post-622","page","type-page","status-publish","hentry"],"yoast_head":"<!-- This site is optimized with the Yoast SEO plugin v22.4 - https:\/\/yoast.com\/wordpress\/plugins\/seo\/ -->\n<title>Nuestro Blog - DT MONSTER LEADS<\/title>\n<meta name=\"robots\" content=\"index, follow, max-snippet:-1, max-image-preview:large, max-video-preview:-1\" \/>\n<link rel=\"canonical\" href=\"https:\/\/dtmonsterleads.com\/en\/nuestro-blog\/\" \/>\n<meta property=\"og:locale\" content=\"en_US\" \/>\n<meta property=\"og:type\" content=\"article\" \/>\n<meta property=\"og:title\" content=\"Nuestro Blog - DT MONSTER LEADS\" \/>\n<meta property=\"og:description\" content=\"Nuestro Blog Centralizamos todas las herramientas que tu empresa necesitapara gestionar y conseguir m\u00e1s clientes. Genere clientes potenciales de calidad desde el tr\u00e1fico de la web No importa t\u00fa industria, nicho o mercado. Nosotros te ayudamos a llegar a tu cliente ideal para que aumentes tus ventas y vayas un paso por delante de tu [&hellip;]\" \/>\n<meta property=\"og:url\" content=\"https:\/\/dtmonsterleads.com\/en\/nuestro-blog\/\" \/>\n<meta property=\"og:site_name\" content=\"DT MONSTER LEADS\" \/>\n<meta property=\"article:modified_time\" content=\"2024-02-22T21:09:33+00:00\" \/>\n<meta property=\"og:image\" content=\"https:\/\/dtmonsterleads.com\/wp-content\/uploads\/2023\/11\/LogoW-1.png\" \/>\n<meta name=\"twitter:card\" content=\"summary_large_image\" \/>\n<script type=\"application\/ld+json\" class=\"yoast-schema-graph\">{\"@context\":\"https:\/\/schema.org\",\"@graph\":[{\"@type\":\"WebPage\",\"@id\":\"https:\/\/dtmonsterleads.com\/nuestro-blog\/\",\"url\":\"https:\/\/dtmonsterleads.com\/nuestro-blog\/\",\"name\":\"Nuestro Blog - DT MONSTER LEADS\",\"isPartOf\":{\"@id\":\"https:\/\/dtmonsterleads.com\/#website\"},\"primaryImageOfPage\":{\"@id\":\"https:\/\/dtmonsterleads.com\/nuestro-blog\/#primaryimage\"},\"image\":{\"@id\":\"https:\/\/dtmonsterleads.com\/nuestro-blog\/#primaryimage\"},\"thumbnailUrl\":\"https:\/\/dtmonsterleads.com\/wp-content\/uploads\/2023\/11\/LogoW-1.png\",\"datePublished\":\"2024-02-22T20:58:06+00:00\",\"dateModified\":\"2024-02-22T21:09:33+00:00\",\"breadcrumb\":{\"@id\":\"https:\/\/dtmonsterleads.com\/nuestro-blog\/#breadcrumb\"},\"inLanguage\":\"en-US\",\"potentialAction\":[{\"@type\":\"ReadAction\",\"target\":[\"https:\/\/dtmonsterleads.com\/nuestro-blog\/\"]}]},{\"@type\":\"ImageObject\",\"inLanguage\":\"en-US\",\"@id\":\"https:\/\/dtmonsterleads.com\/nuestro-blog\/#primaryimage\",\"url\":\"https:\/\/dtmonsterleads.com\/wp-content\/uploads\/2023\/11\/LogoW-1.png\",\"contentUrl\":\"https:\/\/dtmonsterleads.com\/wp-content\/uploads\/2023\/11\/LogoW-1.png\"},{\"@type\":\"BreadcrumbList\",\"@id\":\"https:\/\/dtmonsterleads.com\/nuestro-blog\/#breadcrumb\",\"itemListElement\":[{\"@type\":\"ListItem\",\"position\":1,\"name\":\"Portada\",\"item\":\"https:\/\/dtmonsterleads.com\/\"},{\"@type\":\"ListItem\",\"position\":2,\"name\":\"Nuestro Blog\"}]},{\"@type\":\"WebSite\",\"@id\":\"https:\/\/dtmonsterleads.com\/#website\",\"url\":\"https:\/\/dtmonsterleads.com\/\",\"name\":\"DT MONSTER LEADS\",\"description\":\"Mejore la productividad, optimice los flujos de trabajo y tome decisiones basadas en datos con una precisi\u00f3n sin precedentes.\",\"publisher\":{\"@id\":\"https:\/\/dtmonsterleads.com\/#organization\"},\"potentialAction\":[{\"@type\":\"SearchAction\",\"target\":{\"@type\":\"EntryPoint\",\"urlTemplate\":\"https:\/\/dtmonsterleads.com\/?s={search_term_string}\"},\"query-input\":\"required name=search_term_string\"}],\"inLanguage\":\"en-US\"},{\"@type\":\"Organization\",\"@id\":\"https:\/\/dtmonsterleads.com\/#organization\",\"name\":\"DT Monster Leads\",\"url\":\"https:\/\/dtmonsterleads.com\/\",\"logo\":{\"@type\":\"ImageObject\",\"inLanguage\":\"en-US\",\"@id\":\"https:\/\/dtmonsterleads.com\/#\/schema\/logo\/image\/\",\"url\":\"https:\/\/dtmonsterleads.com\/wp-content\/uploads\/2023\/09\/Logo.png\",\"contentUrl\":\"https:\/\/dtmonsterleads.com\/wp-content\/uploads\/2023\/09\/Logo.png\",\"width\":290,\"height\":71,\"caption\":\"DT Monster Leads\"},\"image\":{\"@id\":\"https:\/\/dtmonsterleads.com\/#\/schema\/logo\/image\/\"}}]}<\/script>\n<!-- \/ Yoast SEO plugin. -->","yoast_head_json":{"title":"Nuestro Blog - DT MONSTER LEADS","robots":{"index":"index","follow":"follow","max-snippet":"max-snippet:-1","max-image-preview":"max-image-preview:large","max-video-preview":"max-video-preview:-1"},"canonical":"https:\/\/dtmonsterleads.com\/en\/nuestro-blog\/","og_locale":"en_US","og_type":"article","og_title":"Nuestro Blog - DT MONSTER LEADS","og_description":"Nuestro Blog Centralizamos todas las herramientas que tu empresa necesitapara gestionar y conseguir m\u00e1s clientes. Genere clientes potenciales de calidad desde el tr\u00e1fico de la web No importa t\u00fa industria, nicho o mercado. Nosotros te ayudamos a llegar a tu cliente ideal para que aumentes tus ventas y vayas un paso por delante de tu [&hellip;]","og_url":"https:\/\/dtmonsterleads.com\/en\/nuestro-blog\/","og_site_name":"DT MONSTER LEADS","article_modified_time":"2024-02-22T21:09:33+00:00","og_image":[{"url":"https:\/\/dtmonsterleads.com\/wp-content\/uploads\/2023\/11\/LogoW-1.png"}],"twitter_card":"summary_large_image","schema":{"@context":"https:\/\/schema.org","@graph":[{"@type":"WebPage","@id":"https:\/\/dtmonsterleads.com\/nuestro-blog\/","url":"https:\/\/dtmonsterleads.com\/nuestro-blog\/","name":"Nuestro Blog - DT MONSTER LEADS","isPartOf":{"@id":"https:\/\/dtmonsterleads.com\/#website"},"primaryImageOfPage":{"@id":"https:\/\/dtmonsterleads.com\/nuestro-blog\/#primaryimage"},"image":{"@id":"https:\/\/dtmonsterleads.com\/nuestro-blog\/#primaryimage"},"thumbnailUrl":"https:\/\/dtmonsterleads.com\/wp-content\/uploads\/2023\/11\/LogoW-1.png","datePublished":"2024-02-22T20:58:06+00:00","dateModified":"2024-02-22T21:09:33+00:00","breadcrumb":{"@id":"https:\/\/dtmonsterleads.com\/nuestro-blog\/#breadcrumb"},"inLanguage":"en-US","potentialAction":[{"@type":"ReadAction","target":["https:\/\/dtmonsterleads.com\/nuestro-blog\/"]}]},{"@type":"ImageObject","inLanguage":"en-US","@id":"https:\/\/dtmonsterleads.com\/nuestro-blog\/#primaryimage","url":"https:\/\/dtmonsterleads.com\/wp-content\/uploads\/2023\/11\/LogoW-1.png","contentUrl":"https:\/\/dtmonsterleads.com\/wp-content\/uploads\/2023\/11\/LogoW-1.png"},{"@type":"BreadcrumbList","@id":"https:\/\/dtmonsterleads.com\/nuestro-blog\/#breadcrumb","itemListElement":[{"@type":"ListItem","position":1,"name":"Portada","item":"https:\/\/dtmonsterleads.com\/"},{"@type":"ListItem","position":2,"name":"Nuestro Blog"}]},{"@type":"WebSite","@id":"https:\/\/dtmonsterleads.com\/#website","url":"https:\/\/dtmonsterleads.com\/","name":"DT MONSTER LEADS","description":"Mejore la productividad, optimice los flujos de trabajo y tome decisiones basadas en datos con una precisi\u00f3n sin precedentes.","publisher":{"@id":"https:\/\/dtmonsterleads.com\/#organization"},"potentialAction":[{"@type":"SearchAction","target":{"@type":"EntryPoint","urlTemplate":"https:\/\/dtmonsterleads.com\/?s={search_term_string}"},"query-input":"required name=search_term_string"}],"inLanguage":"en-US"},{"@type":"Organization","@id":"https:\/\/dtmonsterleads.com\/#organization","name":"DT Monster Leads","url":"https:\/\/dtmonsterleads.com\/","logo":{"@type":"ImageObject","inLanguage":"en-US","@id":"https:\/\/dtmonsterleads.com\/#\/schema\/logo\/image\/","url":"https:\/\/dtmonsterleads.com\/wp-content\/uploads\/2023\/09\/Logo.png","contentUrl":"https:\/\/dtmonsterleads.com\/wp-content\/uploads\/2023\/09\/Logo.png","width":290,"height":71,"caption":"DT Monster Leads"},"image":{"@id":"https:\/\/dtmonsterleads.com\/#\/schema\/logo\/image\/"}}]}},"_links":{"self":[{"href":"https:\/\/dtmonsterleads.com\/en\/wp-json\/wp\/v2\/pages\/622","targetHints":{"allow":["GET"]}}],"collection":[{"href":"https:\/\/dtmonsterleads.com\/en\/wp-json\/wp\/v2\/pages"}],"about":[{"href":"https:\/\/dtmonsterleads.com\/en\/wp-json\/wp\/v2\/types\/page"}],"author":[{"embeddable":true,"href":"https:\/\/dtmonsterleads.com\/en\/wp-json\/wp\/v2\/users\/1"}],"replies":[{"embeddable":true,"href":"https:\/\/dtmonsterleads.com\/en\/wp-json\/wp\/v2\/comments?post=622"}],"version-history":[{"count":10,"href":"https:\/\/dtmonsterleads.com\/en\/wp-json\/wp\/v2\/pages\/622\/revisions"}],"predecessor-version":[{"id":641,"href":"https:\/\/dtmonsterleads.com\/en\/wp-json\/wp\/v2\/pages\/622\/revisions\/641"}],"wp:attachment":[{"href":"https:\/\/dtmonsterleads.com\/en\/wp-json\/wp\/v2\/media?parent=622"}],"curies":[{"name":"wp","href":"https:\/\/api.w.org\/{rel}","templated":true}]}}